{"id":26,"date":"2026-02-23T02:11:25","date_gmt":"2026-02-23T02:11:25","guid":{"rendered":"https:\/\/mikkokeinonen.com\/home\/"},"modified":"2026-03-10T00:21:59","modified_gmt":"2026-03-09T22:21:59","slug":"home","status":"publish","type":"page","link":"https:\/\/mikkokeinonen.com\/fi\/","title":{"rendered":""},"content":{"rendered":"<div class=\"wp-block-group alignfull is-style-ext-preset--group--natural-1--section has-background-background-color has-background has-global-padding is-layout-constrained wp-block-group-is-layout-constrained\" style=\"margin-top:0;margin-bottom:0;padding-top:var(--wp--preset--spacing--50);padding-bottom:var(--wp--preset--spacing--70)\">\n<div class=\"wp-block-columns alignwide are-vertically-aligned-top is-layout-flex wp-container-core-columns-is-layout-47c06fe3 wp-block-columns-is-layout-flex\">\n<div class=\"wp-block-column is-vertically-aligned-top is-layout-flow wp-block-column-is-layout-flow\" style=\"flex-basis:448px\">\n<div class=\"wp-block-group is-style-ext-preset-group-natural-1-item-card-1 is-style-ext-preset--group--natural-1--item-card-1--align-center has-tertiary-background-color has-background has-global-padding is-layout-constrained wp-container-core-group-is-layout-eb7ca697 wp-block-group-is-layout-constrained is-style-ext-preset--group--natural-1--item-card-1--align-center--2\" style=\"padding-top:1px;padding-right:1px;padding-bottom:1px;padding-left:1px\">\n<div class=\"wp-block-group has-global-padding is-layout-constrained wp-container-core-group-is-layout-a35945ca wp-block-group-is-layout-constrained\" style=\"padding-top:var(--wp--preset--spacing--30);padding-right:var(--wp--preset--spacing--30);padding-bottom:var(--wp--preset--spacing--30);padding-left:var(--wp--preset--spacing--30)\">\n<figure class=\"wp-block-image alignright size-full\"><img loading=\"lazy\" decoding=\"async\" width=\"960\" height=\"540\" src=\"https:\/\/mikkokeinonen.com\/wp-content\/uploads\/2026\/02\/mikko-palokissa2.jpg\" alt=\"\" class=\"wp-image-55\" srcset=\"https:\/\/mikkokeinonen.com\/wp-content\/uploads\/2026\/02\/mikko-palokissa2.jpg 960w, https:\/\/mikkokeinonen.com\/wp-content\/uploads\/2026\/02\/mikko-palokissa2-300x169.jpg 300w, https:\/\/mikkokeinonen.com\/wp-content\/uploads\/2026\/02\/mikko-palokissa2-768x432.jpg 768w, https:\/\/mikkokeinonen.com\/wp-content\/uploads\/2026\/02\/mikko-palokissa2-18x10.jpg 18w\" sizes=\"auto, (max-width: 960px) 100vw, 960px\" \/><\/figure>\n<\/div>\n<\/div>\n<\/div>\n\n\n\n<div class=\"wp-block-column is-vertically-aligned-top is-layout-flow wp-block-column-is-layout-flow\">\n<h1 class=\"wp-block-heading\">Mikko Keinonen<\/h1>\n\n\n\n<div class=\"wp-block-columns is-layout-flex wp-container-core-columns-is-layout-caace84b wp-block-columns-is-layout-flex\">\n<div class=\"wp-block-column is-layout-flow wp-block-column-is-layout-flow\" style=\"flex-basis:66.66%\">\n<p>Welcome to my artist page. I'm a filmmaker living in Hein\u00e4vesi, Finland. I've been working on film, culture and media over 30 years.<br>I've made one feature fiction and more than 20 documentaries and short films. I've also made more than 20 narrative music videos. <br>Besides my film work I've worked as a cultural producer arranging concerts, exhibitions and other events. <\/p>\n\n\n\n<div class=\"wp-block-buttons is-layout-flex wp-block-buttons-is-layout-flex\"><\/div>\n<\/div>\n<\/div>\n<\/div>\n<\/div>\n<\/div>\n\n\n\n\n\n\n\n<div class=\"wp-block-media-text alignwide has-media-on-the-right is-stacked-on-mobile\"><div class=\"wp-block-media-text__content\">\n<p><\/p>\n\n\n\n\n<h2>Uusia julkaisuja <br>ja tulevia n\u00e4yt\u00f6ksi\u00e4<\/h2>\n\n\n\n\n<p>Uusinta elokuvaani Juuret syv\u00e4ll\u00e4 kivess\u00e4 esitet\u00e4\u00e4n l\u00e4hiaikoina eri puolilla Suomea ja my\u00f6s muualla. Lue lis\u00e4\u00e4 <a href=\"https:\/\/mikkokeinonen.com\/fi\/events\/\" title=\"tapahtumakalenterista.\">on the event page. <\/a><\/p>\n\n\n\n<p>Roots in the Stone is also available online you can <a href=\"https:\/\/mikkokeinonen.com\/fi\/shop\/\" title=\"Shop\">order a link from the shop<\/a> or <a href=\"https:\/\/mikkokeinonen.com\/fi\/roots-in-the-stone\/\" title=\"Juuret syvell\u00e4 kivess\u00e4\">read more on the film page.<\/a><\/p>\n<\/div><figure class=\"wp-block-media-text__media\"><img loading=\"lazy\" decoding=\"async\" width=\"960\" height=\"540\" src=\"https:\/\/mikkokeinonen.com\/wp-content\/uploads\/2026\/02\/palava-sohva-iso-liekki-1.jpg\" alt=\"\" class=\"wp-image-84 size-full\" srcset=\"https:\/\/mikkokeinonen.com\/wp-content\/uploads\/2026\/02\/palava-sohva-iso-liekki-1.jpg 960w, https:\/\/mikkokeinonen.com\/wp-content\/uploads\/2026\/02\/palava-sohva-iso-liekki-1-300x169.jpg 300w, https:\/\/mikkokeinonen.com\/wp-content\/uploads\/2026\/02\/palava-sohva-iso-liekki-1-768x432.jpg 768w, https:\/\/mikkokeinonen.com\/wp-content\/uploads\/2026\/02\/palava-sohva-iso-liekki-1-18x10.jpg 18w\" sizes=\"auto, (max-width: 960px) 100vw, 960px\" \/><\/figure><\/div>","protected":false},"excerpt":{"rendered":"<p>Mikko Keinonen Welcome to my artist page. I'm a filmmaker living in Hein\u00e4vesi, Finland. I've been working on film, culture and media over 30 years.I've made one feature fiction and [&hellip;]<\/p>\n","protected":false},"author":1,"featured_media":0,"parent":0,"menu_order":0,"comment_status":"closed","ping_status":"closed","template":"no-title","meta":{"pagelayer_contact_templates":[],"_pagelayer_content":"","_monsterinsights_skip_tracking":false,"_monsterinsights_sitenote_active":false,"_monsterinsights_sitenote_note":"","_monsterinsights_sitenote_category":0,"_price":"","_stock":"","_tribe_ticket_header":"","_tribe_default_ticket_provider":"","_tribe_ticket_capacity":"0","_ticket_start_date":"","_ticket_end_date":"","_tribe_ticket_show_description":"","_tribe_ticket_show_not_going":false,"_tribe_ticket_use_global_stock":"","_tribe_ticket_global_stock_level":"","_global_stock_mode":"","_global_stock_cap":"","_tribe_rsvp_for_event":"","_tribe_ticket_going_count":"","_tribe_ticket_not_going_count":"","_tribe_tickets_list":"[]","_tribe_ticket_has_attendee_info_fields":false,"_EventAllDay":false,"_EventTimezone":"","_EventStartDate":"","_EventEndDate":"","_EventStartDateUTC":"","_EventEndDateUTC":"","_EventShowMap":false,"_EventShowMapLink":false,"_EventURL":"","_EventCost":"","_EventCostDescription":"","_EventCurrencySymbol":"","_EventCurrencyCode":"","_EventCurrencyPosition":"","_EventDateTimeSeparator":"","_EventTimeRangeSeparator":"","_EventOrganizerID":[],"_EventVenueID":[],"_OrganizerEmail":"","_OrganizerPhone":"","_OrganizerWebsite":"","_VenueAddress":"","_VenueCity":"","_VenueCountry":"","_VenueProvince":"","_VenueState":"","_VenueZip":"","_VenuePhone":"","_VenueURL":"","_VenueStateProvince":"","_VenueLat":"","_VenueLng":"","_VenueShowMap":false,"_VenueShowMapLink":false,"footnotes":"","_tec_slr_enabled":"","_tec_slr_layout":""},"class_list":["post-26","page","type-page","status-publish","hentry"],"aioseo_notices":[],"jetpack_sharing_enabled":true,"ticketed":false,"_links":{"self":[{"href":"https:\/\/mikkokeinonen.com\/fi\/wp-json\/wp\/v2\/pages\/26","targetHints":{"allow":["GET"]}}],"collection":[{"href":"https:\/\/mikkokeinonen.com\/fi\/wp-json\/wp\/v2\/pages"}],"about":[{"href":"https:\/\/mikkokeinonen.com\/fi\/wp-json\/wp\/v2\/types\/page"}],"author":[{"embeddable":true,"href":"https:\/\/mikkokeinonen.com\/fi\/wp-json\/wp\/v2\/users\/1"}],"replies":[{"embeddable":true,"href":"https:\/\/mikkokeinonen.com\/fi\/wp-json\/wp\/v2\/comments?post=26"}],"version-history":[{"count":23,"href":"https:\/\/mikkokeinonen.com\/fi\/wp-json\/wp\/v2\/pages\/26\/revisions"}],"predecessor-version":[{"id":382,"href":"https:\/\/mikkokeinonen.com\/fi\/wp-json\/wp\/v2\/pages\/26\/revisions\/382"}],"wp:attachment":[{"href":"https:\/\/mikkokeinonen.com\/fi\/wp-json\/wp\/v2\/media?parent=26"}],"curies":[{"name":"wp","href":"https:\/\/api.w.org\/{rel}","templated":true}]}}