{"id":315,"date":"2026-03-08T23:31:42","date_gmt":"2026-03-08T23:31:42","guid":{"rendered":"https:\/\/mikkokeinonen.com\/?post_type=product&#038;p=315"},"modified":"2026-04-01T00:00:19","modified_gmt":"2026-03-31T21:00:19","slug":"watch-roots-in-the-stone","status":"publish","type":"product","link":"https:\/\/mikkokeinonen.com\/fi\/tuote\/watch-roots-in-the-stone\/","title":{"rendered":"Watch Roots in the Stone"},"content":{"rendered":"<p>Watch my film Roots in the Stone online.<\/p>\n<h4 class=\"wp-block-heading has-text-align-center ext-animate--on\" data-extendify-agent-block-id=\"4\">Juuret syv\u00e4ll\u00e4 kivess\u00e4 on arjen surrealismia juhlistava tragikoominen essee-elokuva nykyajassa henkiin her\u00e4\u00e4v\u00e4st\u00e4 muinaistarinasta ja matkasta tarinan ja sen kertomisen \u00e4\u00e4relle. Se on sekoitus mystiikkaa, romantiikkaa, filosofiaa ja tilannekomediaa, jossa on lis\u00e4mausteena kauniita maisemia, s\u00f6p\u00f6j\u00e4 el\u00e4imi\u00e4 ja palavia sohvia.<\/h4>\n<p class=\"has-text-align-center\" data-extendify-agent-block-id=\"5\">15 vuotta sitten el\u00e4m\u00e4\u00e4mme tuli Arra, pronssikaudella el\u00e4nyt shamaaninainen, joka alkoi kommunikoida vaimoni Myl\u00e8nen v\u00e4lityksell\u00e4.<br \/>\nArra oli viisas ja rakastava, mutta my\u00f6s n\u00e4lk\u00e4inen ja huumorintajuinen. H\u00e4n tutki uteliaana nykymaailma ja jakoi samalla pala palalta muistoja omasta el\u00e4m\u00e4st\u00e4\u00e4n ja onnellisesta rauhaa rakastavasta heimostaan, jonka tarina p\u00e4\u00e4ttyi traagisesti Kermaj\u00e4rven j\u00e4\u00e4lle hiljaisena talvip\u00e4iv\u00e4nseisauksen aamuna.<br \/>\nR wanted me to tell her story to the people of our times. That was a great honor but there was one condition: I had to grow to the role of a story teller \u2013 and that was the most difficult path I\u2019ve ever taken.<br \/>\nRoots in the story is a story of that wonderful journey. It\u2019s a mixture of love story, symbolic fairy tale and crazy sitcom. It\u2019s a story that makes you laugh, cry and think.<\/p>","protected":false},"excerpt":{"rendered":"[contact-form][contact-field label=\"Name\" type=\"name\"  required=\"true\" \/][contact-field label=\"Email\" type=\"email\" required=\"true\" \/][contact-field label=\"Website\" type=\"url\" \/][contact-field label=\"Message\" type=\"textarea\" \/][\/contact-form]\n<p>Watch Roots in the Stone online.<\/p>\n","protected":false},"featured_media":74,"comment_status":"open","ping_status":"closed","template":"","meta":{"pagelayer_contact_templates":[],"_pagelayer_content":"","_monsterinsights_skip_tracking":false,"_monsterinsights_sitenote_active":false,"_monsterinsights_sitenote_note":"","_monsterinsights_sitenote_category":0,"_price":"5.99","_stock":"","_tribe_ticket_header":"","_tribe_default_ticket_provider":"","_tribe_ticket_capacity":"","_ticket_start_date":"","_ticket_end_date":"","_tribe_ticket_show_description":"","_tribe_ticket_show_not_going":false,"_tribe_ticket_use_global_stock":"","_tribe_ticket_global_stock_level":"","_global_stock_mode":"","_global_stock_cap":"","_tribe_rsvp_for_event":"","_tribe_ticket_going_count":"","_tribe_ticket_not_going_count":"","_tribe_tickets_list":"[]","_tribe_ticket_has_attendee_info_fields":false,"_EventAllDay":false,"_EventTimezone":"","_EventStartDate":"","_EventEndDate":"","_EventStartDateUTC":"","_EventEndDateUTC":"","_EventShowMap":false,"_EventShowMapLink":false,"_EventURL":"","_EventCost":"","_EventCostDescription":"","_EventCurrencySymbol":"","_EventCurrencyCode":"","_EventCurrencyPosition":"","_EventDateTimeSeparator":"","_EventTimeRangeSeparator":"","_EventOrganizerID":[],"_EventVenueID":[],"_OrganizerEmail":"","_OrganizerPhone":"","_OrganizerWebsite":"","_VenueAddress":"","_VenueCity":"","_VenueCountry":"","_VenueProvince":"","_VenueState":"","_VenueZip":"","_VenuePhone":"","_VenueURL":"","_VenueStateProvince":"","_VenueLat":"","_VenueLng":"","_VenueShowMap":false,"_VenueShowMapLink":false},"product_brand":[],"product_cat":[27],"product_tag":[38,44,39,40,28,31,29,34,35,33,45,30,41,42,43,36,37,32],"class_list":{"0":"post-315","1":"product","2":"type-product","3":"status-publish","4":"has-post-thumbnail","6":"product_cat-film-links","7":"product_tag-ancient-history","8":"product_tag-ancient-pacifism","9":"product_tag-ancient-story","10":"product_tag-ancient-tribe","11":"product_tag-documentary","12":"product_tag-essay","13":"product_tag-film","14":"product_tag-finland","15":"product_tag-funny","16":"product_tag-heinavesi","17":"product_tag-love-story","18":"product_tag-movie","19":"product_tag-no-war","20":"product_tag-pacifism","21":"product_tag-pacifist","22":"product_tag-shaman","23":"product_tag-shamanism","24":"product_tag-spiritual","26":"first","27":"instock","28":"virtual","29":"purchasable","30":"product-type-simple"},"aioseo_notices":[],"jetpack_sharing_enabled":true,"_links":{"self":[{"href":"https:\/\/mikkokeinonen.com\/fi\/wp-json\/wp\/v2\/product\/315","targetHints":{"allow":["GET"]}}],"collection":[{"href":"https:\/\/mikkokeinonen.com\/fi\/wp-json\/wp\/v2\/product"}],"about":[{"href":"https:\/\/mikkokeinonen.com\/fi\/wp-json\/wp\/v2\/types\/product"}],"replies":[{"embeddable":true,"href":"https:\/\/mikkokeinonen.com\/fi\/wp-json\/wp\/v2\/comments?post=315"}],"wp:featuredmedia":[{"embeddable":true,"href":"https:\/\/mikkokeinonen.com\/fi\/wp-json\/wp\/v2\/media\/74"}],"wp:attachment":[{"href":"https:\/\/mikkokeinonen.com\/fi\/wp-json\/wp\/v2\/media?parent=315"}],"wp:term":[{"taxonomy":"product_brand","embeddable":true,"href":"https:\/\/mikkokeinonen.com\/fi\/wp-json\/wp\/v2\/product_brand?post=315"},{"taxonomy":"product_cat","embeddable":true,"href":"https:\/\/mikkokeinonen.com\/fi\/wp-json\/wp\/v2\/product_cat?post=315"},{"taxonomy":"product_tag","embeddable":true,"href":"https:\/\/mikkokeinonen.com\/fi\/wp-json\/wp\/v2\/product_tag?post=315"}],"curies":[{"name":"wp","href":"https:\/\/api.w.org\/{rel}","templated":true}]}}